{"id":117,"date":"2025-11-22T13:48:56","date_gmt":"2025-11-22T12:48:56","guid":{"rendered":"https:\/\/praktickamediace.cz\/?page_id=117"},"modified":"2025-11-22T22:04:08","modified_gmt":"2025-11-22T21:04:08","slug":"obchodni-podminky","status":"publish","type":"page","link":"https:\/\/praktickamediace.cz\/?page_id=117","title":{"rendered":"Obchodn\u00ed podm\u00ednky"},"content":{"rendered":"\t\t<div data-elementor-type=\"wp-page\" data-elementor-id=\"117\" class=\"elementor elementor-117\" data-elementor-post-type=\"page\">\n\t\t\t\t<div class=\"elementor-element elementor-element-18a1bd59 e-flex e-con-boxed e-con e-parent\" data-id=\"18a1bd59\" data-element_type=\"container\" data-settings=\"{&quot;background_background&quot;:&quot;classic&quot;}\">\n\t\t\t\t\t<div class=\"e-con-inner\">\n\t\t\t\t<div class=\"elementor-element elementor-element-7d4fc6b9 elementor-widget elementor-widget-spacer\" data-id=\"7d4fc6b9\" data-element_type=\"widget\" data-widget_type=\"spacer.default\">\n\t\t\t\t\t\t\t<div class=\"elementor-spacer\">\n\t\t\t<div class=\"elementor-spacer-inner\"><\/div>\n\t\t<\/div>\n\t\t\t\t\t\t<\/div>\n\t\t\t\t<div class=\"elementor-element elementor-element-68519db elementor-widget elementor-widget-heading\" data-id=\"68519db\" data-element_type=\"widget\" data-widget_type=\"heading.default\">\n\t\t\t\t\t<h6 class=\"elementor-heading-title elementor-size-default\">V\u0161eobecn\u00e9 obchodn\u00ed podm\u00ednky pro prodej knih<\/h6>\t\t\t\t<\/div>\n\t\t\t\t<div class=\"elementor-element elementor-element-db39db0 elementor-widget elementor-widget-text-editor\" data-id=\"db39db0\" data-element_type=\"widget\" data-widget_type=\"text-editor.default\">\n\t\t\t\t\t\t\t\t\t<div><strong>1. Identifikace prod\u00e1vaj\u00edc\u00edho<\/strong><\/div>\n<div>Podnikatel: JUDr. Radka Medkov\u00e1<\/div>\n<div>S\u00eddlo: Kmochova 10, 150 00 Praha 5<\/div>\n<div>I\u010c: 75478293<\/div>\n<div>Podnikatelka zapsan\u00e1 v \u017eivnostensk\u00e9m rejst\u0159\u00edku.<\/div>\n<div>Kontaktn\u00ed e-mail: radka@kurzymediace.cz<\/div>\n<div>Telefon: 737 980 997<\/div>\n<div>&nbsp;<\/div>\n<div><strong>2. P\u0159edm\u011bt smlouvy a uzav\u0159en\u00ed smlouvy<\/strong><\/div>\n<div>P\u0159edm\u011btem smlouvy je prodej knihy nab\u00edzen\u00e9 na webov\u00e9 str\u00e1nce provozovan\u00e9 prod\u00e1vaj\u00edc\u00edm.<\/div>\n<div>Kupn\u00ed smlouva vznik\u00e1 v okam\u017eiku, kdy prod\u00e1vaj\u00edc\u00ed potvrd\u00ed objedn\u00e1vku odeslanou kupuj\u00edc\u00edm prost\u0159ednictv\u00edm objedn\u00e1vkov\u00e9ho formul\u00e1\u0159e. Kupuj\u00edc\u00ed je o potvrzen\u00ed informov\u00e1n e-mailem.<\/div>\n<div>&nbsp;<\/div>\n<div><strong>3. Cena a \u00fahrada<\/strong><\/div>\n<div>Cena knihy je uvedena na webu a je kone\u010dn\u00e1 (prod\u00e1vaj\u00edc\u00ed nen\u00ed pl\u00e1tce DPH).<\/div>\n<div>Zp\u016fsoby \u00fahrady:<\/div>\n<div>&nbsp;<\/div>\n<div>&#8211; platba p\u0159evodem p\u0159edem<\/div>\n<div>&#8211; platba v hotovosti p\u0159i osobn\u00edm odb\u011bru<\/div>\n<div>&nbsp;<\/div>\n<div><strong>4. Zp\u016fsoby doru\u010den\u00ed<\/strong><\/div>\n<div>Z\u00e1silkovna (po \u00fahrad\u011b ceny p\u0159edem)<\/div>\n<div>Osobn\u00ed odb\u011br na adrese Kmochova 10, Praha 5,&nbsp;<strong>po<\/strong>&nbsp;<strong>p\u0159edchoz\u00ed<\/strong>&nbsp;<strong>telefonick\u00e9 domluv\u011b<\/strong>&nbsp;na \u010d\u00edsle 737 980 997<\/div>\n<div>&nbsp;<\/div>\n<div><strong>5. Odstoupen\u00ed od smlouvy<\/strong><\/div>\n<div>S ohledem na povahu produktu, nen\u00ed mo\u017en\u00e9 od smlouvy odstoupit, pokud byl obal, ve kter\u00e9m byla kniha zasl\u00e1na, otev\u0159en.<\/div>\n<div>&nbsp;<\/div>\n<div>V p\u0159\u00edpadech, kdy je produkt vr\u00e1cen v neotev\u0159en\u00e9m obalu, m\u00e1 spot\u0159ebitel pr\u00e1vo odstoupit od smlouvy do 14 dn\u00ed od p\u0159evzet\u00ed zbo\u017e\u00ed bez ud\u00e1n\u00ed d\u016fvodu.&nbsp;<strong>N\u00e1klady na zp\u011btn\u00e9 zasl\u00e1n\u00ed zbo\u017e\u00ed hrad\u00ed kupuj\u00edc\u00ed.<\/strong><\/div>\n<div>&nbsp;<\/div>\n<div><strong>6. Reklamace<\/strong><\/div>\n<div>Kupuj\u00edc\u00ed by m\u011bl zbo\u017e\u00ed zkontrolovat bez zbyte\u010dn\u00e9ho odkladu, ide\u00e1ln\u011b do 3 kalend\u00e1\u0159n\u00edch dn\u00ed od p\u0159evzet\u00ed. P\u0159\u00edpadn\u00e9 vady ozn\u00e1m\u00ed prod\u00e1vaj\u00edc\u00edmu e-mailem nebo telefonicky.<\/div>\n<div>&nbsp;<\/div>\n<div>Pr\u00e1va z vad lze uplatnit dle p\u0159\u00edslu\u0161n\u00fdch ustanoven\u00ed ob\u010danskopr\u00e1vn\u00edch p\u0159edpis\u016f (zpravidla do 24 m\u011bs\u00edc\u016f).<\/div>\n<div>&nbsp;<\/div>\n<div><strong>7. Mimosoudn\u00ed \u0159e\u0161en\u00ed spor\u016f<\/strong><\/div>\n<div>Spot\u0159ebitel m\u00e1 pr\u00e1vo obr\u00e1tit se na \u010ceskou obchodn\u00ed inspekci (http:\/\/www.coi.cz) za \u00fa\u010delem mimosoudn\u00edho \u0159e\u0161en\u00ed sporu ze smlouvy. N\u00e1v\u0161t\u011bva tohoto subjektu nen\u00ed povinn\u00e1 a spot\u0159ebitel m\u00e1 v\u017edy mo\u017enost obr\u00e1tit se na soud.<\/div>\n<div>&nbsp;<\/div>\n<div><strong>8. Ochrana osobn\u00edch \u00fadaj\u016f<\/strong><\/div>\n<div>Prod\u00e1vaj\u00edc\u00ed zpracov\u00e1v\u00e1 osobn\u00ed \u00fadaje kupuj\u00edc\u00edho za \u00fa\u010delem uzav\u0159en\u00ed a pln\u011bn\u00ed smlouvy v souladu s obecn\u00fdm na\u0159\u00edzen\u00edm o ochran\u011b osobn\u00edch \u00fadaj\u016f (GDPR).<\/div>\n<div>&nbsp;<\/div>\n<div>Podrobn\u00e9 informace o zpracov\u00e1n\u00ed osobn\u00edch \u00fadaj\u016f jsou dostupn\u00e9 v samostatn\u00e9 sekci: Ochrana osobn\u00edch \u00fadaj\u016f.<\/div>\n<div>&nbsp;<\/div>\n<div><strong>9. Archivace a jazyk smlouvy<\/strong><\/div>\n<div>Smlouvy jsou uzav\u00edr\u00e1ny v \u010desk\u00e9m jazyce a jsou archivov\u00e1ny v elektronick\u00e9 podob\u011b. Nejsou p\u0159\u00edstupn\u00e9 t\u0159et\u00edm osob\u00e1m.<\/div>\n<div>&nbsp;<\/div>\n<div><strong>10. Z\u00e1v\u011bre\u010dn\u00e1 ustanoven\u00ed<\/strong><\/div>\n<div>Tyto obchodn\u00ed podm\u00ednky jsou platn\u00e9 a \u00fa\u010dinn\u00e9 od 30.9.2025.<\/div>\n<div>Prod\u00e1vaj\u00edc\u00ed si vyhrazuje pr\u00e1vo tyto podm\u00ednky kdykoli m\u011bnit. Pro kupuj\u00edc\u00edho je v\u017edy z\u00e1vazn\u00e1 verze platn\u00e1 v okam\u017eiku odesl\u00e1n\u00ed objedn\u00e1vky.<\/div>\t\t\t\t\t\t\t\t<\/div>\n\t\t<div class=\"elementor-element elementor-element-2ffe410c e-grid e-con-full e-con e-child\" data-id=\"2ffe410c\" data-element_type=\"container\">\n\t\t\t\t<\/div>\n\t\t\t\t\t<\/div>\n\t\t\t\t<\/div>\n\t\t\t\t<\/div>\n\t\t","protected":false},"excerpt":{"rendered":"<p>V\u0161eobecn\u00e9 obchodn\u00ed podm\u00ednky pro prodej knih 1. Identifikace prod\u00e1vaj\u00edc\u00edho Podnikatel: JUDr. Radka Medkov\u00e1 S\u00eddlo: Kmochova 10, 150 00 Praha 5 [&hellip;]<\/p>\n","protected":false},"author":1,"featured_media":0,"parent":0,"menu_order":0,"comment_status":"closed","ping_status":"closed","template":"","meta":{"site-sidebar-layout":"no-sidebar","site-content-layout":"","ast-site-content-layout":"full-width-container","site-content-style":"default","site-sidebar-style":"default","ast-global-header-display":"","ast-banner-title-visibility":"","ast-main-header-display":"","ast-hfb-above-header-display":"","ast-hfb-below-header-display":"","ast-hfb-mobile-header-display":"","site-post-title":"","ast-breadcrumbs-content":"","ast-featured-img":"disabled","footer-sml-layout":"","ast-disable-related-posts":"","theme-transparent-header-meta":"","adv-header-id-meta":"","stick-header-meta":"","header-above-stick-meta":"","header-main-stick-meta":"","header-below-stick-meta":"","astra-migrate-meta-layouts":"default","ast-page-background-enabled":"default","ast-page-background-meta":{"desktop":{"background-color":"var(--ast-global-color-5)","background-image":"","background-repeat":"repeat","background-position":"center center","background-size":"auto","background-attachment":"scroll","background-type":"","background-media":"","overlay-type":"","overlay-color":"","overlay-opacity":"","overlay-gradient":""},"tablet":{"background-color":"","background-image":"","background-repeat":"repeat","background-position":"center center","background-size":"auto","background-attachment":"scroll","background-type":"","background-media":"","overlay-type":"","overlay-color":"","overlay-opacity":"","overlay-gradient":""},"mobile":{"background-color":"","background-image":"","background-repeat":"repeat","background-position":"center center","background-size":"auto","background-attachment":"scroll","background-type":"","background-media":"","overlay-type":"","overlay-color":"","overlay-opacity":"","overlay-gradient":""}},"ast-content-background-meta":{"desktop":{"background-color":"var(--ast-global-color-4)","background-image":"","background-repeat":"repeat","background-position":"center center","background-size":"auto","background-attachment":"scroll","background-type":"","background-media":"","overlay-type":"","overlay-color":"","overlay-opacity":"","overlay-gradient":""},"tablet":{"background-color":"var(--ast-global-color-4)","background-image":"","background-repeat":"repeat","background-position":"center center","background-size":"auto","background-attachment":"scroll","background-type":"","background-media":"","overlay-type":"","overlay-color":"","overlay-opacity":"","overlay-gradient":""},"mobile":{"background-color":"var(--ast-global-color-4)","background-image":"","background-repeat":"repeat","background-position":"center center","background-size":"auto","background-attachment":"scroll","background-type":"","background-media":"","overlay-type":"","overlay-color":"","overlay-opacity":"","overlay-gradient":""}},"footnotes":""},"class_list":["post-117","page","type-page","status-publish","hentry"],"_links":{"self":[{"href":"https:\/\/praktickamediace.cz\/index.php?rest_route=\/wp\/v2\/pages\/117","targetHints":{"allow":["GET"]}}],"collection":[{"href":"https:\/\/praktickamediace.cz\/index.php?rest_route=\/wp\/v2\/pages"}],"about":[{"href":"https:\/\/praktickamediace.cz\/index.php?rest_route=\/wp\/v2\/types\/page"}],"author":[{"embeddable":true,"href":"https:\/\/praktickamediace.cz\/index.php?rest_route=\/wp\/v2\/users\/1"}],"replies":[{"embeddable":true,"href":"https:\/\/praktickamediace.cz\/index.php?rest_route=%2Fwp%2Fv2%2Fcomments&post=117"}],"version-history":[{"count":7,"href":"https:\/\/praktickamediace.cz\/index.php?rest_route=\/wp\/v2\/pages\/117\/revisions"}],"predecessor-version":[{"id":224,"href":"https:\/\/praktickamediace.cz\/index.php?rest_route=\/wp\/v2\/pages\/117\/revisions\/224"}],"wp:attachment":[{"href":"https:\/\/praktickamediace.cz\/index.php?rest_route=%2Fwp%2Fv2%2Fmedia&parent=117"}],"curies":[{"name":"wp","href":"https:\/\/api.w.org\/{rel}","templated":true}]}}