{"id":193,"date":"2025-11-22T14:30:47","date_gmt":"2025-11-22T13:30:47","guid":{"rendered":"https:\/\/praktickamediace.cz\/?post_type=product&#038;p=193"},"modified":"2026-04-25T06:45:54","modified_gmt":"2026-04-25T04:45:54","slug":"moudroprudiva-okenka-mediatorovy-kapesni-tahaky","status":"publish","type":"product","link":"https:\/\/praktickamediace.cz\/?product=moudroprudiva-okenka-mediatorovy-kapesni-tahaky","title":{"rendered":"Moudroprudiv\u00e1 ok\u00e9nka (Medi\u00e1torovy kapesn\u00ed tah\u00e1ky)"},"content":{"rendered":"<p class=\"p1\">\u201eMoudroprudiv\u00e1 ok\u00e9nka\u201c jsou praktick\u00e9 kapesn\u00ed tah\u00e1ky pro medi\u00e1tory \u2013 rychl\u00fd, srozumiteln\u00fd a p\u0159ehledn\u00fd pomocn\u00edk do p\u0159\u00edpravy i samotn\u00fdch mediac\u00ed. Bro\u017eura obsahuje 42 kompaktn\u00edch tah\u00e1k\u016f, kter\u00e9 pokr\u00fdvaj\u00ed kl\u00ed\u010dov\u00e9 postupy, techniky, ot\u00e1zky i typick\u00e9 situace, se kter\u00fdmi se medi\u00e1tor setk\u00e1v\u00e1 v praxi. Ka\u017ed\u00e1 str\u00e1nka je vyti\u0161t\u011bna na tvrd\u0161\u00edm pap\u00edru a opat\u0159ena nazna\u010den\u00fdmi \u0159ezy, tak\u017ee si jednotliv\u00e9 tah\u00e1ky m\u016f\u017eete snadno vyst\u0159ihnout a pou\u017e\u00edvat je jako samostatn\u00e9 karty.<\/p>\n<p class=\"p1\">Tah\u00e1ky vych\u00e1zej\u00ed z dlouholet\u00fdch zku\u0161enost\u00ed autorky Radky Medkov\u00e9 a slou\u017e\u00ed jako rychl\u00e9 \u201ep\u0159ipomenut\u00ed\u201c medi\u00e1torsk\u00fdch dovednost\u00ed \u2013 a\u0165 u\u017e pracujete jako profesion\u00e1ln\u00ed medi\u00e1tor, HR specialista, kou\u010d, pedagog, nebo vedete n\u00e1ro\u010dn\u00e1 jedn\u00e1n\u00ed v b\u011b\u017en\u00e9 praxi.<\/p>\n<p class=\"p3\"><b>Pro\u010d bro\u017eura a ne hotov\u00e9 karty?<\/b><\/p>\n<p class=\"p1\">V\u00fdroba karti\u010dek je v\u00fdrazn\u011b dra\u017e\u0161\u00ed ne\u017e v p\u0159\u00edpad\u011b bro\u017eury, co\u017e umo\u017e\u0148uje zachovat rozumnou cenu \u2013 pouh\u00fdch 7 K\u010d za jeden tah\u00e1k. Karti\u010dky si, pokud budete cht\u00edt, zvl\u00e1dnete hrav\u011b vyrobit sami.<\/p>\n","protected":false},"excerpt":{"rendered":"<p class=\"p1\"><b>Forma: bro\u017eura s tvrd\u0161\u00edmi str\u00e1nkami, p\u0159ipraven\u00fdmi k vyst\u0159i\u017een\u00ed a pou\u017eit\u00ed jako karti\u010dky<\/b><\/p>\n","protected":false},"featured_media":194,"comment_status":"open","ping_status":"closed","template":"","meta":{"site-sidebar-layout":"default","site-content-layout":"","ast-site-content-layout":"default","site-content-style":"default","site-sidebar-style":"default","ast-global-header-display":"","ast-banner-title-visibility":"","ast-main-header-display":"","ast-hfb-above-header-display":"","ast-hfb-below-header-display":"","ast-hfb-mobile-header-display":"","site-post-title":"","ast-breadcrumbs-content":"","ast-featured-img":"","footer-sml-layout":"","ast-disable-related-posts":"","theme-transparent-header-meta":"default","adv-header-id-meta":"","stick-header-meta":"","header-above-stick-meta":"","header-main-stick-meta":"","header-below-stick-meta":"","astra-migrate-meta-layouts":"set","ast-page-background-enabled":"default","ast-page-background-meta":{"desktop":{"background-color":"var(--ast-global-color-5)","background-image":"","background-repeat":"repeat","background-position":"center center","background-size":"auto","background-attachment":"scroll","background-type":"","background-media":"","overlay-type":"","overlay-color":"","overlay-opacity":"","overlay-gradient":""},"tablet":{"background-color":"","background-image":"","background-repeat":"repeat","background-position":"center center","background-size":"auto","background-attachment":"scroll","background-type":"","background-media":"","overlay-type":"","overlay-color":"","overlay-opacity":"","overlay-gradient":""},"mobile":{"background-color":"","background-image":"","background-repeat":"repeat","background-position":"center center","background-size":"auto","background-attachment":"scroll","background-type":"","background-media":"","overlay-type":"","overlay-color":"","overlay-opacity":"","overlay-gradient":""}},"ast-content-background-meta":{"desktop":{"background-color":"var(--ast-global-color-4)","background-image":"","background-repeat":"repeat","background-position":"center center","background-size":"auto","background-attachment":"scroll","background-type":"","background-media":"","overlay-type":"","overlay-color":"","overlay-opacity":"","overlay-gradient":""},"tablet":{"background-color":"var(--ast-global-color-4)","background-image":"","background-repeat":"repeat","background-position":"center center","background-size":"auto","background-attachment":"scroll","background-type":"","background-media":"","overlay-type":"","overlay-color":"","overlay-opacity":"","overlay-gradient":""},"mobile":{"background-color":"var(--ast-global-color-4)","background-image":"","background-repeat":"repeat","background-position":"center center","background-size":"auto","background-attachment":"scroll","background-type":"","background-media":"","overlay-type":"","overlay-color":"","overlay-opacity":"","overlay-gradient":""}}},"product_brand":[],"product_cat":[23],"product_tag":[],"class_list":{"0":"post-193","1":"product","2":"type-product","3":"status-publish","4":"has-post-thumbnail","6":"product_cat-knihy","7":"desktop-align-left","8":"tablet-align-left","9":"mobile-align-left","11":"first","12":"instock","13":"shipping-taxable","14":"purchasable","15":"product-type-simple"},"_links":{"self":[{"href":"https:\/\/praktickamediace.cz\/index.php?rest_route=\/wp\/v2\/product\/193","targetHints":{"allow":["GET"]}}],"collection":[{"href":"https:\/\/praktickamediace.cz\/index.php?rest_route=\/wp\/v2\/product"}],"about":[{"href":"https:\/\/praktickamediace.cz\/index.php?rest_route=\/wp\/v2\/types\/product"}],"replies":[{"embeddable":true,"href":"https:\/\/praktickamediace.cz\/index.php?rest_route=%2Fwp%2Fv2%2Fcomments&post=193"}],"wp:featuredmedia":[{"embeddable":true,"href":"https:\/\/praktickamediace.cz\/index.php?rest_route=\/wp\/v2\/media\/194"}],"wp:attachment":[{"href":"https:\/\/praktickamediace.cz\/index.php?rest_route=%2Fwp%2Fv2%2Fmedia&parent=193"}],"wp:term":[{"taxonomy":"product_brand","embeddable":true,"href":"https:\/\/praktickamediace.cz\/index.php?rest_route=%2Fwp%2Fv2%2Fproduct_brand&post=193"},{"taxonomy":"product_cat","embeddable":true,"href":"https:\/\/praktickamediace.cz\/index.php?rest_route=%2Fwp%2Fv2%2Fproduct_cat&post=193"},{"taxonomy":"product_tag","embeddable":true,"href":"https:\/\/praktickamediace.cz\/index.php?rest_route=%2Fwp%2Fv2%2Fproduct_tag&post=193"}],"curies":[{"name":"wp","href":"https:\/\/api.w.org\/{rel}","templated":true}]}}